{"id":9,"date":"2025-07-18T11:37:09","date_gmt":"2025-07-18T15:37:09","guid":{"rendered":"https:\/\/waracomunicaciones.com\/wp\/?page_id=9"},"modified":"2025-08-10T06:25:13","modified_gmt":"2025-08-10T10:25:13","slug":"programas","status":"publish","type":"page","link":"https:\/\/waracomunicaciones.com\/?page_id=9","title":{"rendered":"PROGRAMAS"},"content":{"rendered":"\n<div class=\"wp-block-columns is-layout-flex wp-container-core-columns-is-layout-9d6595d7 wp-block-columns-is-layout-flex\">\n<div class=\"wp-block-column is-layout-flow wp-block-column-is-layout-flow\" style=\"flex-basis:66.66%\">\n<figure class=\"wp-block-table\"><table class=\"has-fixed-layout\"><tbody><tr><td><strong>Programaci\u00f3n Lunes &#8211; Viernes<\/strong><\/td><td colspan=\"2\"><strong>Horario<\/strong><\/td><\/tr><tr><td>Revista Sutiyay Suyu<\/td><td>06:00<\/td><td>07:40<\/td><\/tr><tr><td>Noticiero Panamericano<\/td><td>07:40<\/td><td>08:35<\/td><\/tr><tr><td>Panamericano Deportivo<\/td><td>08:35<\/td><td>09:00<\/td><\/tr><tr><td>M\u00fasica Variada<\/td><td>09:00<\/td><td>10:00<\/td><\/tr><tr><td>Revista Agenda Matinal<\/td><td>10:00<\/td><td>12:20<\/td><\/tr><tr><td>M\u00fasica Variada<\/td><td>12:20<\/td><td>13:05<\/td><\/tr><tr><td>Noticiero Panamericano<\/td><td>13:05<\/td><td>13:35<\/td><\/tr><tr><td>M\u00fasica Variada<\/td><td>13:35<\/td><td>18:00<\/td><\/tr><tr><td><strong>Programaci\u00f3n S\u00e1bado<\/strong><\/td><td colspan=\"2\"><strong>Horario<\/strong><\/td><\/tr><tr><td>Revista Sutiyay Suyu<\/td><td>06:00<\/td><td>07:40<\/td><\/tr><tr><td>Noticiero Panamericano<\/td><td>07:40<\/td><td>08:50<\/td><\/tr><tr><td>M\u00fasica Variada<\/td><td>08:50<\/td><td>10:00<\/td><\/tr><tr><td>Revista Agenda Matinal<\/td><td>10:00<\/td><td>12:00<\/td><\/tr><tr><td>Dialogo en Panamericana<\/td><td>12:00<\/td><td>14:00<\/td><\/tr><tr><td>Confidencias de Panamericana<\/td><td>14:00<\/td><td>14:30<\/td><\/tr><tr><td>M\u00fasica Variada<\/td><td>14:30<\/td><td>18:00<\/td><\/tr><tr><td><strong>Programaci\u00f3n Domingo<\/strong><\/td><td colspan=\"2\"><strong>Horario<\/strong><\/td><\/tr><tr><td>M\u00fasica nacional<\/td><td>06:00<\/td><td>08:00<\/td><\/tr><tr><td>Dialogo en Panamericana<\/td><td>08:00<\/td><td>10:00<\/td><\/tr><tr><td>Confidencias de Panamericana<\/td><td>10:00<\/td><td>10:30<\/td><\/tr><tr><td>M\u00fasica Variada<\/td><td>10:30<\/td><td>12:30<\/td><\/tr><tr><td>Repr\u00eds de Confidencias<\/td><td>12:30<\/td><td>13:00<\/td><\/tr><tr><td>M\u00fasica Variada<\/td><td>13:00<\/td><td>16:00<\/td><\/tr><\/tbody><\/table><\/figure>\n<\/div>\n\n\n\n<div class=\"wp-block-column has-background is-layout-flow wp-block-column-is-layout-flow\" style=\"background-color:#f3f3f3;flex-basis:33.33%\">\n<div class=\"wara-play-button-container\">\n    <style>\n        .wara-play-button-container {\n            display: inline-block;\n            position: relative;\n            width: 100%;\n            height: auto;\n            transition: all 0.3s ease;\n            text-decoration: none;\n            margin: 15px;\n            z-index: 10;\n        }\n        \n        .wara-play-button-container a {\n            display: block;\n            position: relative;\n            width: 100%;\n            height: 100%;\n            cursor: pointer;\n        }\n        \n        .wara-play-button-container img {\n            width: 100%;\n            height: auto;\n            display: block;\n            transition: opacity 0.3s ease;\n            border-radius: 7px;\n            pointer-events: none;\n        }\n        \n        .wara-play-button-container .hover-image {\n            position: absolute;\n            top: 0;\n            left: 0;\n            opacity: 0;\n        }\n        \n        .wara-play-button-container:hover .default-image {\n            opacity: 0;\n        }\n        \n        .wara-play-button-container:hover .hover-image {\n            opacity: 1;\n        }\n        \n        .wara-play-button-container:hover {\n            transform: scale(1.05);\n            filter: drop-shadow(0 5px 15px rgba(0, 0, 0, 0.2));\n        }\n        \n        @keyframes wara-pulse {\n            0% { transform: scale(1); }\n            50% { transform: scale(1.03); }\n            100% { transform: scale(1); }\n        }\n        \n        .wara-play-button-container {\n            animation: wara-pulse 3s infinite;\n        }\n        \n        .wara-play-button-container:hover {\n            animation: none;\n        }\n        \n        @media (max-width: 480px) {\n            .wara-play-button-container {\n                width: 180px;\n            }\n        }\n    <\/style>\n    \n    <a href=\"https:\/\/play.google.com\/store\/apps\/details?id=wara.comunicaciones&#038;hl=es_BO\" \n       target=\"_blank\"\n       rel=\"noopener noreferrer\"\n       aria-label=\"Descargar aplicaci\u00f3n desde Google Play\">\n       \n        <img decoding=\"async\" src=\"https:\/\/waracomunicaciones.com\/wp-content\/uploads\/2025\/08\/google-play-badge.png\" \n             alt=\"Disponible en Google Play\"\n             class=\"default-image\">\n             \n        <img decoding=\"async\" src=\"https:\/\/waracomunicaciones.com\/wp-content\/uploads\/2025\/08\/disponible.png\" \n             alt=\"Disponible en Google Play\"\n             class=\"hover-image\">\n    <\/a>\n<\/div>\n\n\n\n<iframe loading=\"lazy\" src=\"https:\/\/waracomunicaciones.com\/wp-content\/uploads\/2025\/08\/tiempo3.html\" height=\"165\" width=\"100%\" frameborder=\"0\" scrolling=\"no\"><\/iframe>\n<\/div>\n<\/div>\n","protected":false},"excerpt":{"rendered":"<p>Programaci\u00f3n Lunes &#8211; Viernes Horario Revista Sutiyay Suyu 06:00 07:40 Noticiero Panamericano 07:40 08:35 Panamericano Deportivo 08:35 09:00 M\u00fasica Variada 09:00 10:00 Revista Agenda Matinal 10:00 12:20 M\u00fasica Variada 12:20 13:05 Noticiero Panamericano 13:05 13:35 M\u00fasica Variada 13:35 18:00 Programaci\u00f3n S\u00e1bado Horario Revista Sutiyay Suyu 06:00 07:40 Noticiero Panamericano 07:40 08:50 M\u00fasica Variada 08:50 10:00 [&hellip;]<\/p>\n","protected":false},"author":1,"featured_media":0,"parent":0,"menu_order":0,"comment_status":"closed","ping_status":"closed","template":"","meta":{"footnotes":""},"class_list":["post-9","page","type-page","status-publish","hentry"],"yoast_head":"<!-- This site is optimized with the Yoast SEO Premium plugin v25.5 (Yoast SEO v27.1.1) - https:\/\/yoast.com\/product\/yoast-seo-premium-wordpress\/ -->\n<title>Wara Comunicaciones - PROGRAMAS<\/title>\n<meta name=\"description\" content=\"PROGRAMAS - Wara Comunicaciones\" \/>\n<meta name=\"robots\" content=\"index, follow, max-snippet:-1, max-image-preview:large, max-video-preview:-1\" \/>\n<link rel=\"canonical\" href=\"https:\/\/waracomunicaciones.com\/?page_id=9\" \/>\n<meta property=\"og:locale\" content=\"es_ES\" \/>\n<meta property=\"og:type\" content=\"article\" \/>\n<meta property=\"og:title\" content=\"PROGRAMAS\" \/>\n<meta property=\"og:description\" content=\"PROGRAMAS - Wara Comunicaciones\" \/>\n<meta property=\"og:url\" content=\"https:\/\/waracomunicaciones.com\/?page_id=9\" \/>\n<meta property=\"og:site_name\" content=\"Wara Comunicaciones\" \/>\n<meta property=\"article:publisher\" content=\"https:\/\/www.facebook.com\/waracomunicaciones2017\" \/>\n<meta property=\"article:modified_time\" content=\"2025-08-10T10:25:13+00:00\" \/>\n<meta property=\"og:image\" content=\"https:\/\/waracomunicaciones.com\/wp-content\/uploads\/2025\/08\/google-play-badge.png\" \/>\n<meta name=\"twitter:card\" content=\"summary_large_image\" \/>\n<meta name=\"twitter:label1\" content=\"Tiempo de lectura\" \/>\n\t<meta name=\"twitter:data1\" content=\"1 minuto\" \/>\n<script type=\"application\/ld+json\" class=\"yoast-schema-graph\">{\"@context\":\"https:\/\/schema.org\",\"@graph\":[{\"@type\":\"WebPage\",\"@id\":\"https:\/\/waracomunicaciones.com\/?page_id=9\",\"url\":\"https:\/\/waracomunicaciones.com\/?page_id=9\",\"name\":\"Wara Comunicaciones - PROGRAMAS\",\"isPartOf\":{\"@id\":\"https:\/\/waracomunicaciones.com\/#website\"},\"primaryImageOfPage\":{\"@id\":\"https:\/\/waracomunicaciones.com\/?page_id=9#primaryimage\"},\"image\":{\"@id\":\"https:\/\/waracomunicaciones.com\/?page_id=9#primaryimage\"},\"thumbnailUrl\":\"https:\/\/waracomunicaciones.com\/wp-content\/uploads\/2025\/08\/google-play-badge.png\",\"datePublished\":\"2025-07-18T15:37:09+00:00\",\"dateModified\":\"2025-08-10T10:25:13+00:00\",\"description\":\"PROGRAMAS - Wara Comunicaciones\",\"breadcrumb\":{\"@id\":\"https:\/\/waracomunicaciones.com\/?page_id=9#breadcrumb\"},\"inLanguage\":\"es\",\"potentialAction\":[{\"@type\":\"ReadAction\",\"target\":[\"https:\/\/waracomunicaciones.com\/?page_id=9\"]}]},{\"@type\":\"ImageObject\",\"inLanguage\":\"es\",\"@id\":\"https:\/\/waracomunicaciones.com\/?page_id=9#primaryimage\",\"url\":\"https:\/\/waracomunicaciones.com\/wp-content\/uploads\/2025\/08\/google-play-badge.png\",\"contentUrl\":\"https:\/\/waracomunicaciones.com\/wp-content\/uploads\/2025\/08\/google-play-badge.png\",\"width\":646,\"height\":250},{\"@type\":\"BreadcrumbList\",\"@id\":\"https:\/\/waracomunicaciones.com\/?page_id=9#breadcrumb\",\"itemListElement\":[{\"@type\":\"ListItem\",\"position\":1,\"name\":\"Portada\",\"item\":\"https:\/\/waracomunicaciones.com\/\"},{\"@type\":\"ListItem\",\"position\":2,\"name\":\"PROGRAMAS\"}]},{\"@type\":\"WebSite\",\"@id\":\"https:\/\/waracomunicaciones.com\/#website\",\"url\":\"https:\/\/waracomunicaciones.com\/\",\"name\":\"Wara Comunicaciones\",\"description\":\"\",\"publisher\":{\"@id\":\"https:\/\/waracomunicaciones.com\/#organization\"},\"potentialAction\":[{\"@type\":\"SearchAction\",\"target\":{\"@type\":\"EntryPoint\",\"urlTemplate\":\"https:\/\/waracomunicaciones.com\/?s={search_term_string}\"},\"query-input\":{\"@type\":\"PropertyValueSpecification\",\"valueRequired\":true,\"valueName\":\"search_term_string\"}}],\"inLanguage\":\"es\"},{\"@type\":\"Organization\",\"@id\":\"https:\/\/waracomunicaciones.com\/#organization\",\"name\":\"Wara Comunicaciones\",\"url\":\"https:\/\/waracomunicaciones.com\/\",\"logo\":{\"@type\":\"ImageObject\",\"inLanguage\":\"es\",\"@id\":\"https:\/\/waracomunicaciones.com\/#\/schema\/logo\/image\/\",\"url\":\"https:\/\/waracomunicaciones.com\/wp-content\/uploads\/2025\/07\/logo.png\",\"contentUrl\":\"https:\/\/waracomunicaciones.com\/wp-content\/uploads\/2025\/07\/logo.png\",\"width\":400,\"height\":164,\"caption\":\"Wara Comunicaciones\"},\"image\":{\"@id\":\"https:\/\/waracomunicaciones.com\/#\/schema\/logo\/image\/\"},\"sameAs\":[\"https:\/\/www.facebook.com\/waracomunicaciones2017\"]}]}<\/script>\n<!-- \/ Yoast SEO Premium plugin. -->","yoast_head_json":{"title":"Wara Comunicaciones - PROGRAMAS","description":"PROGRAMAS - Wara Comunicaciones","robots":{"index":"index","follow":"follow","max-snippet":"max-snippet:-1","max-image-preview":"max-image-preview:large","max-video-preview":"max-video-preview:-1"},"canonical":"https:\/\/waracomunicaciones.com\/?page_id=9","og_locale":"es_ES","og_type":"article","og_title":"PROGRAMAS","og_description":"PROGRAMAS - Wara Comunicaciones","og_url":"https:\/\/waracomunicaciones.com\/?page_id=9","og_site_name":"Wara Comunicaciones","article_publisher":"https:\/\/www.facebook.com\/waracomunicaciones2017","article_modified_time":"2025-08-10T10:25:13+00:00","og_image":[{"url":"https:\/\/waracomunicaciones.com\/wp-content\/uploads\/2025\/08\/google-play-badge.png","type":"","width":"","height":""}],"twitter_card":"summary_large_image","twitter_misc":{"Tiempo de lectura":"1 minuto"},"schema":{"@context":"https:\/\/schema.org","@graph":[{"@type":"WebPage","@id":"https:\/\/waracomunicaciones.com\/?page_id=9","url":"https:\/\/waracomunicaciones.com\/?page_id=9","name":"Wara Comunicaciones - PROGRAMAS","isPartOf":{"@id":"https:\/\/waracomunicaciones.com\/#website"},"primaryImageOfPage":{"@id":"https:\/\/waracomunicaciones.com\/?page_id=9#primaryimage"},"image":{"@id":"https:\/\/waracomunicaciones.com\/?page_id=9#primaryimage"},"thumbnailUrl":"https:\/\/waracomunicaciones.com\/wp-content\/uploads\/2025\/08\/google-play-badge.png","datePublished":"2025-07-18T15:37:09+00:00","dateModified":"2025-08-10T10:25:13+00:00","description":"PROGRAMAS - Wara Comunicaciones","breadcrumb":{"@id":"https:\/\/waracomunicaciones.com\/?page_id=9#breadcrumb"},"inLanguage":"es","potentialAction":[{"@type":"ReadAction","target":["https:\/\/waracomunicaciones.com\/?page_id=9"]}]},{"@type":"ImageObject","inLanguage":"es","@id":"https:\/\/waracomunicaciones.com\/?page_id=9#primaryimage","url":"https:\/\/waracomunicaciones.com\/wp-content\/uploads\/2025\/08\/google-play-badge.png","contentUrl":"https:\/\/waracomunicaciones.com\/wp-content\/uploads\/2025\/08\/google-play-badge.png","width":646,"height":250},{"@type":"BreadcrumbList","@id":"https:\/\/waracomunicaciones.com\/?page_id=9#breadcrumb","itemListElement":[{"@type":"ListItem","position":1,"name":"Portada","item":"https:\/\/waracomunicaciones.com\/"},{"@type":"ListItem","position":2,"name":"PROGRAMAS"}]},{"@type":"WebSite","@id":"https:\/\/waracomunicaciones.com\/#website","url":"https:\/\/waracomunicaciones.com\/","name":"Wara Comunicaciones","description":"","publisher":{"@id":"https:\/\/waracomunicaciones.com\/#organization"},"potentialAction":[{"@type":"SearchAction","target":{"@type":"EntryPoint","urlTemplate":"https:\/\/waracomunicaciones.com\/?s={search_term_string}"},"query-input":{"@type":"PropertyValueSpecification","valueRequired":true,"valueName":"search_term_string"}}],"inLanguage":"es"},{"@type":"Organization","@id":"https:\/\/waracomunicaciones.com\/#organization","name":"Wara Comunicaciones","url":"https:\/\/waracomunicaciones.com\/","logo":{"@type":"ImageObject","inLanguage":"es","@id":"https:\/\/waracomunicaciones.com\/#\/schema\/logo\/image\/","url":"https:\/\/waracomunicaciones.com\/wp-content\/uploads\/2025\/07\/logo.png","contentUrl":"https:\/\/waracomunicaciones.com\/wp-content\/uploads\/2025\/07\/logo.png","width":400,"height":164,"caption":"Wara Comunicaciones"},"image":{"@id":"https:\/\/waracomunicaciones.com\/#\/schema\/logo\/image\/"},"sameAs":["https:\/\/www.facebook.com\/waracomunicaciones2017"]}]}},"_links":{"self":[{"href":"https:\/\/waracomunicaciones.com\/index.php?rest_route=\/wp\/v2\/pages\/9","targetHints":{"allow":["GET"]}}],"collection":[{"href":"https:\/\/waracomunicaciones.com\/index.php?rest_route=\/wp\/v2\/pages"}],"about":[{"href":"https:\/\/waracomunicaciones.com\/index.php?rest_route=\/wp\/v2\/types\/page"}],"author":[{"embeddable":true,"href":"https:\/\/waracomunicaciones.com\/index.php?rest_route=\/wp\/v2\/users\/1"}],"replies":[{"embeddable":true,"href":"https:\/\/waracomunicaciones.com\/index.php?rest_route=%2Fwp%2Fv2%2Fcomments&post=9"}],"version-history":[{"count":16,"href":"https:\/\/waracomunicaciones.com\/index.php?rest_route=\/wp\/v2\/pages\/9\/revisions"}],"predecessor-version":[{"id":417,"href":"https:\/\/waracomunicaciones.com\/index.php?rest_route=\/wp\/v2\/pages\/9\/revisions\/417"}],"wp:attachment":[{"href":"https:\/\/waracomunicaciones.com\/index.php?rest_route=%2Fwp%2Fv2%2Fmedia&parent=9"}],"curies":[{"name":"wp","href":"https:\/\/api.w.org\/{rel}","templated":true}]}}