{"id":446,"date":"2025-08-10T17:36:19","date_gmt":"2025-08-10T21:36:19","guid":{"rendered":"https:\/\/waracomunicaciones.com\/?page_id=446"},"modified":"2025-08-10T17:51:54","modified_gmt":"2025-08-10T21:51:54","slug":"deportes","status":"publish","type":"page","link":"https:\/\/waracomunicaciones.com\/?page_id=446","title":{"rendered":"DEPORTES"},"content":{"rendered":"\n<div class=\"wp-block-columns is-layout-flex wp-container-core-columns-is-layout-9d6595d7 wp-block-columns-is-layout-flex\">\n<div class=\"wp-block-column is-layout-flow wp-block-column-is-layout-flow\" style=\"flex-basis:66.66%\"><div class='pt-cv-wrapper'> <div class=\"pt-cv-view pt-cv-timeline iscvblock iscvreal timeline layout1\" id=\"pt-cv-view-r81czo7e\"><div class=\"tl-spine\"><a href=\"#\"><\/a><\/div>\n<div class=\"tl-items\">\n<div class=\"tl-item pt-left\"><div class=\"tl-item-content\"><i class=\"tl-pointer\"><\/i><div class=\" pt-cv-content-item pt-cv-1-col\"  data-pid=\"1128\"><div class=\"pt-cv-thumb-wrapper  \"><a href=\"https:\/\/waracomunicaciones.com\/?p=1128\" class=\"_self pt-cv-href-thumbnail pt-cv-thumb-default\" target=\"_self\" ><img decoding=\"async\" src=\"https:\/\/waracomunicaciones.com\/wp-content\/uploads\/2025\/11\/azcl.webp\" class=\"pt-cv-thumbnail cvp-substitute\" alt=\"Bolivia despide a Xabier &#039;Bigot\u00f3n&#039; Azkargorta, el m\u00edtico entrenador que la llev\u00f3 al Mundial de 1994\" title=\"\" \/><\/a><div class=\"pt-cv-taxoterm over_top_left\"><a href='https:\/\/waracomunicaciones.com\/?cat=35' title='Futbol' class='pt-cv-tax-futbol'>Futbol<\/a><\/div><\/div>\n<h4 class=\"pt-cv-title\"><a href=\"https:\/\/waracomunicaciones.com\/?p=1128\" class=\"_self\" target=\"_self\" >Bolivia despide a Xabier &#8216;Bigot\u00f3n&#8217; Azkargorta, el m\u00edtico entrenador que la llev\u00f3 al Mundial de 1994<\/a><\/h4>\n<div class=\"pt-cv-meta-fields\"><span class=\"entry-date\"> <time datetime=\"2025-11-14T13:01:26-04:00\">viernes 14 noviembre 2025 13:01<\/time><\/span><\/div>\n<div class=\"pt-cv-content\">Xabier Azkargorta, seleccionador mundialista con Bolivia. Foto Archivo La madrugada de este viernes falleci\u00f3, a los 72 a\u00f1os, Francisco Xabier &#8230;<\/div><\/div><\/div><\/div>\n<div class=\"tl-item pt-right\"><div class=\"tl-item-content\"><i class=\"tl-pointer\"><\/i><div class=\" pt-cv-content-item pt-cv-1-col\"  data-pid=\"1010\"><div class=\"pt-cv-thumb-wrapper  \"><a href=\"https:\/\/waracomunicaciones.com\/?p=1010\" class=\"_self pt-cv-href-thumbnail pt-cv-thumb-default\" target=\"_self\" ><img decoding=\"async\" src=\"https:\/\/waracomunicaciones.com\/wp-content\/uploads\/2025\/11\/wilmarr.webp\" class=\"pt-cv-thumbnail cvp-substitute\" alt=\"Wilmer Santos gana la plata y rompe el r\u00e9cord nacional en el Sudamericano de Atletismo U20\" title=\"\" \/><\/a><div class=\"pt-cv-taxoterm over_top_left\"><a href='https:\/\/waracomunicaciones.com\/?cat=36' title='Polideportivo' class='pt-cv-tax-polideportivo'>Polideportivo<\/a><\/div><\/div>\n<h4 class=\"pt-cv-title\"><a href=\"https:\/\/waracomunicaciones.com\/?p=1010\" class=\"_self\" target=\"_self\" >Wilmer Santos gana la plata y rompe el r\u00e9cord nacional en el Sudamericano de Atletismo U20<\/a><\/h4>\n<div class=\"pt-cv-meta-fields\"><span class=\"entry-date\"> <time datetime=\"2025-11-02T16:06:05-04:00\">domingo 2 noviembre 2025 16:06<\/time><\/span><\/div>\n<div class=\"pt-cv-content\">El orure\u00f1o Wilmer Santos brilla para Bolivia con plata y r\u00e9cord en Lima &#8211; Foto Facebook Bolivia culmin\u00f3 su participaci\u00f3n &#8230;<\/div><\/div><\/div><\/div>\n<div class=\"tl-item pt-left\"><div class=\"tl-item-content\"><i class=\"tl-pointer\"><\/i><div class=\" pt-cv-content-item pt-cv-1-col\"  data-pid=\"732\"><div class=\"pt-cv-thumb-wrapper  \"><a href=\"https:\/\/waracomunicaciones.com\/?p=732\" class=\"_self pt-cv-href-thumbnail pt-cv-thumb-default\" target=\"_self\" ><img decoding=\"async\" src=\"https:\/\/waracomunicaciones.com\/wp-content\/uploads\/2025\/09\/guaa.webp\" class=\"pt-cv-thumbnail cvp-substitute\" alt=\"\u00a0Guabir\u00e1 golea a Real Oruro en un duelo de infarto y se instala en zona internacional\" title=\"\" \/><\/a><div class=\"pt-cv-taxoterm over_top_left\"><a href='https:\/\/waracomunicaciones.com\/?cat=35' title='Futbol' class='pt-cv-tax-futbol'>Futbol<\/a><\/div><\/div>\n<h4 class=\"pt-cv-title\"><a href=\"https:\/\/waracomunicaciones.com\/?p=732\" class=\"_self\" target=\"_self\" >\u00a0Guabir\u00e1 golea a Real Oruro en un duelo de infarto y se instala en zona internacional<\/a><\/h4>\n<div class=\"pt-cv-meta-fields\"><span class=\"entry-date\"> <time datetime=\"2025-09-26T05:10:25-04:00\">viernes 26 septiembre 2025 05:10<\/time><\/span><\/div>\n<div class=\"pt-cv-content\">Incidencias del partido en el estadio Jes\u00fas Berm\u00fadez de Oruro. Foto Diva Sport ORURO En un partido lleno de emociones &#8230;<\/div><\/div><\/div><\/div>\n<div class=\"tl-item pt-right\"><div class=\"tl-item-content\"><i class=\"tl-pointer\"><\/i><div class=\" pt-cv-content-item pt-cv-1-col\"  data-pid=\"637\"><div class=\"pt-cv-thumb-wrapper  \"><a href=\"https:\/\/waracomunicaciones.com\/?p=637\" class=\"_self pt-cv-href-thumbnail pt-cv-thumb-default\" target=\"_self\" ><img loading=\"lazy\" decoding=\"async\" width=\"768\" height=\"448\" src=\"https:\/\/waracomunicaciones.com\/wp-content\/uploads\/2025\/09\/miguel-768x448.webp\" class=\"pt-cv-thumbnail\" alt=\"\u00a1Hist\u00f3rico! Bolivia vence a Brasil y jugar\u00e1 el repechaje por el pase al Mundial\" \/><\/a><div class=\"pt-cv-taxoterm over_top_left\"><a href='https:\/\/waracomunicaciones.com\/?cat=35' title='Futbol' class='pt-cv-tax-futbol'>Futbol<\/a><\/div><\/div>\n<h4 class=\"pt-cv-title\"><a href=\"https:\/\/waracomunicaciones.com\/?p=637\" class=\"_self\" target=\"_self\" >\u00a1Hist\u00f3rico! Bolivia vence a Brasil y jugar\u00e1 el repechaje por el pase al Mundial<\/a><\/h4>\n<div class=\"pt-cv-meta-fields\"><span class=\"entry-date\"> <time datetime=\"2025-09-10T03:48:27-04:00\">mi\u00e9rcoles 10 septiembre 2025 03:48<\/time><\/span><\/div>\n<div class=\"pt-cv-content\">Miguel Terceros marc\u00f3 en el cierre del primer tiempo y le dio a Bolivia el boleto al repechaje. L\u00e1grimas de &#8230;<\/div><\/div><\/div><\/div>\n<div class=\"tl-item pt-left\"><div class=\"tl-item-content\"><i class=\"tl-pointer\"><\/i><div class=\" pt-cv-content-item pt-cv-1-col\"  data-pid=\"544\"><div class=\"pt-cv-thumb-wrapper  \"><a href=\"https:\/\/waracomunicaciones.com\/?p=544\" class=\"_self pt-cv-href-thumbnail pt-cv-thumb-default\" target=\"_self\" ><img loading=\"lazy\" decoding=\"async\" width=\"768\" height=\"511\" src=\"https:\/\/waracomunicaciones.com\/wp-content\/uploads\/2025\/08\/tuyiu-768x511.webp\" class=\"pt-cv-thumbnail\" alt=\"The Strongest enfrenta su segunda multa econ\u00f3mica en dos semanas, esta vez por incidente con gas lacrim\u00f3geno\" \/><\/a><div class=\"pt-cv-taxoterm over_top_left\"><a href='https:\/\/waracomunicaciones.com\/?cat=35' title='Futbol' class='pt-cv-tax-futbol'>Futbol<\/a><\/div><\/div>\n<h4 class=\"pt-cv-title\"><a href=\"https:\/\/waracomunicaciones.com\/?p=544\" class=\"_self\" target=\"_self\" >The Strongest enfrenta su segunda multa econ\u00f3mica en dos semanas, esta vez por incidente con gas lacrim\u00f3geno<\/a><\/h4>\n<div class=\"pt-cv-meta-fields\"><span class=\"entry-date\"> <time datetime=\"2025-08-15T06:42:03-04:00\">viernes 15 agosto 2025 06:42<\/time><\/span><\/div>\n<div class=\"pt-cv-content\">El Tribunal de Disciplina Deportiva de la Federaci\u00f3n Boliviana de F\u00fatbol (FBF) impuso una nueva sanci\u00f3n econ\u00f3mica al Club The &#8230;<\/div><\/div><\/div><\/div>\n<div class=\"tl-item pt-right\"><div class=\"tl-item-content\"><i class=\"tl-pointer\"><\/i><div class=\" pt-cv-content-item pt-cv-1-col\"  data-pid=\"523\"><div class=\"pt-cv-thumb-wrapper  \"><a href=\"https:\/\/waracomunicaciones.com\/?p=523\" class=\"_self pt-cv-href-thumbnail pt-cv-thumb-default\" target=\"_self\" ><img loading=\"lazy\" decoding=\"async\" width=\"768\" height=\"560\" src=\"https:\/\/waracomunicaciones.com\/wp-content\/uploads\/2025\/08\/bnnn-768x560.webp\" class=\"pt-cv-thumbnail\" alt=\"&quot;Bol\u00edvar toma ventaja en la Copa Sudamericana tras vencer 2-0 a Cienciano en La Paz&quot;\" \/><\/a><div class=\"pt-cv-taxoterm over_top_left\"><a href='https:\/\/waracomunicaciones.com\/?cat=35' title='Futbol' class='pt-cv-tax-futbol'>Futbol<\/a><\/div><\/div>\n<h4 class=\"pt-cv-title\"><a href=\"https:\/\/waracomunicaciones.com\/?p=523\" class=\"_self\" target=\"_self\" >\u00abBol\u00edvar toma ventaja en la Copa Sudamericana tras vencer 2-0 a Cienciano en La Paz\u00bb<\/a><\/h4>\n<div class=\"pt-cv-meta-fields\"><span class=\"entry-date\"> <time datetime=\"2025-08-13T22:33:00-04:00\">mi\u00e9rcoles 13 agosto 2025 22:33<\/time><\/span><\/div>\n<div class=\"pt-cv-content\">Bol\u00edvar derrota a Cienciano en el Siles &#8211; Foto APG Bol\u00edvar venci\u00f3 2-0 a Cienciano en el partido de ida &#8230;<\/div><\/div><\/div><\/div>\n<\/div><\/div> <\/div> <style>\n\n#pt-cv-view-r81czo7e .pt-cv-meta-fields {  }#pt-cv-view-r81czo7e .pt-cv-meta-fields * { font-size: 13px; }#pt-cv-view-r81czo7e .pt-cv-title a { display: block; }#pt-cv-view-r81czo7e .pt-cv-title:not(.pt-cv-titlesm) a { font-weight: 600;text-decoration: none;font-size: 20px; }#pt-cv-view-r81czo7e .pt-cv-titlesm a { font-weight: 600;font-size: 18px; }#pt-cv-view-r81czo7e .pt-cv-content { font-size: 15px; }#pt-cv-view-r81czo7e .pt-cv-rmwrap {  }#pt-cv-view-r81czo7e .pt-cv-readmore { color: #fff;background-color: #0075ff;font-size: 14px; }#pt-cv-view-r81czo7e .pt-cv-taxoterm {  }#pt-cv-view-r81czo7e .pt-cv-taxoterm * { color: #ff6900;background-color: #000000;font-size: 14px; }#pt-cv-view-r81czo7e + .pt-cv-pagination-wrapper {  }#pt-cv-view-r81czo7e + .pt-cv-pagination-wrapper a { font-size: 14px; }#pt-cv-view-r81czo7e .pt-cv-taxoterm:hover {  }#pt-cv-view-r81czo7e .pt-cv-taxoterm *:hover { color: #ffffff; }\n@media all and (max-width: 1024px) { \n\n} \n@media all and (max-width: 767px) { \n\n} <\/style><\/div>\n\n\n\n<div class=\"wp-block-column has-background is-layout-flow wp-block-column-is-layout-flow\" style=\"background-color:#f3f3f3;flex-basis:33.33%\">\n<div class=\"wara-play-button-container\">\n    <style>\n        .wara-play-button-container {\n            display: inline-block;\n            position: relative;\n            width: 100%;\n            height: auto;\n            transition: all 0.3s ease;\n            text-decoration: none;\n            margin: 15px;\n            z-index: 10;\n        }\n        \n        .wara-play-button-container a {\n            display: block;\n            position: relative;\n            width: 100%;\n            height: 100%;\n            cursor: pointer;\n        }\n        \n        .wara-play-button-container img {\n            width: 100%;\n            height: auto;\n            display: block;\n            transition: opacity 0.3s ease;\n            border-radius: 7px;\n            pointer-events: none;\n        }\n        \n        .wara-play-button-container .hover-image {\n            position: absolute;\n            top: 0;\n            left: 0;\n            opacity: 0;\n        }\n        \n        .wara-play-button-container:hover .default-image {\n            opacity: 0;\n        }\n        \n        .wara-play-button-container:hover .hover-image {\n            opacity: 1;\n        }\n        \n        .wara-play-button-container:hover {\n            transform: scale(1.05);\n            filter: drop-shadow(0 5px 15px rgba(0, 0, 0, 0.2));\n        }\n        \n        @keyframes wara-pulse {\n            0% { transform: scale(1); }\n            50% { transform: scale(1.03); }\n            100% { transform: scale(1); }\n        }\n        \n        .wara-play-button-container {\n            animation: wara-pulse 3s infinite;\n        }\n        \n        .wara-play-button-container:hover {\n            animation: none;\n        }\n        \n        @media (max-width: 480px) {\n            .wara-play-button-container {\n                width: 180px;\n            }\n        }\n    <\/style>\n    \n    <a href=\"https:\/\/play.google.com\/store\/apps\/details?id=wara.comunicaciones&#038;hl=es_BO\" \n       target=\"_blank\"\n       rel=\"noopener noreferrer\"\n       aria-label=\"Descargar aplicaci\u00f3n desde Google Play\">\n       \n        <img decoding=\"async\" src=\"https:\/\/waracomunicaciones.com\/wp-content\/uploads\/2025\/08\/google-play-badge.png\" \n             alt=\"Disponible en Google Play\"\n             class=\"default-image\">\n             \n        <img decoding=\"async\" src=\"https:\/\/waracomunicaciones.com\/wp-content\/uploads\/2025\/08\/disponible.png\" \n             alt=\"Disponible en Google Play\"\n             class=\"hover-image\">\n    <\/a>\n<\/div>\n\n\n\n<iframe loading=\"lazy\" src=\"https:\/\/waracomunicaciones.com\/wp-content\/uploads\/2025\/08\/tiempo3.html\" height=\"165\" width=\"100%\" frameborder=\"0\" scrolling=\"no\"><\/iframe>\n\n\n\n<h6 class=\"wp-block-heading has-white-color has-luminous-vivid-orange-background-color has-text-color has-background has-link-color has-medium-font-size wp-elements-27c162358101daa60a0fbe07bacc1dd0\" id=\"h-primera-division\"><strong>PRIMERA DIVISI\u00d3N<\/strong><\/h6>\n\n\n\n\n<div class=\"wp-block-gutena-tabs gutena-tabs-block gutena-tabs-block-5aab53-ee\"><ul class=\"gutena-tabs-tab tab-center\"><li class=\"gutena-tab-title active\" data-tab=\"1\"><div class=\"gutena-tab-title-content icon-top\"><div class=\"gutena-tab-title-text\"><div>PARTIDOS<\/div><\/div><\/div><\/li><li class=\"gutena-tab-title inactive\" data-tab=\"2\"><div class=\"gutena-tab-title-content icon-top\"><div class=\"gutena-tab-title-text\"><div>POSICIONES<\/div><\/div><\/div><\/li><\/ul><div class=\"gutena-tabs-content is-layout-flow wp-block-gutena-tabs-is-layout-flow\">\n<div class=\"wp-block-gutena-tab gutena-tab-block gutena-tab-block-5f072b-30 active\" data-tab=\"1\">\n<div data-widget-type=\"entityScores\" data-entity-type=\"league\" data-entity-id=\"5055\" data-lang=\"es-es\" data-widget-id=\"163ca1bd-7e78-4a4e-8073-78dcee9cb38e\" data-limit-height-display=\"500\"><\/div>\n<div id=\"powered-by\">Provisto por<a id=\"powered-by-link\" href=\"https:\/\/www.365scores.com\/es\" target=\"_blank\">365Scores.com<\/a><\/div>\n<script src=\"https:\/\/widgets.365scores.com\/main.js\"><\/script>\n<\/div>\n\n\n\n<div class=\"wp-block-gutena-tab gutena-tab-block gutena-tab-block-e841f1-bb inactive\" data-tab=\"2\">\n<div data-widget-type=\"entityStandings\" data-entity-type=\"league\" data-entity-id=\"5055\" data-lang=\"es-es\" data-widget-id=\"bd6a79d1-70a3-474d-a2ee-c68840c8e665\" data-limit-height-display=\"500\"><\/div>\n<div id=\"powered-by\">Provisto por<a id=\"powered-by-link\" href=\"https:\/\/www.365scores.com\/es\" target=\"_blank\">365Scores.com<\/a><\/div>\n<script src=\"https:\/\/widgets.365scores.com\/main.js\"><\/script>\n<\/div>\n<\/div><\/div>\n\n<\/div>\n<\/div>\n","protected":false},"excerpt":{"rendered":"<p>PRIMERA DIVISI\u00d3N<\/p>\n","protected":false},"author":1,"featured_media":0,"parent":0,"menu_order":0,"comment_status":"closed","ping_status":"closed","template":"","meta":{"footnotes":""},"class_list":["post-446","page","type-page","status-publish","hentry"],"yoast_head":"<!-- This site is optimized with the Yoast SEO Premium plugin v25.5 (Yoast SEO v27.1.1) - https:\/\/yoast.com\/product\/yoast-seo-premium-wordpress\/ -->\n<title>Wara Comunicaciones - DEPORTES<\/title>\n<meta name=\"description\" content=\"DEPORTES - Wara Comunicaciones\" \/>\n<meta name=\"robots\" content=\"index, follow, max-snippet:-1, max-image-preview:large, max-video-preview:-1\" \/>\n<link rel=\"canonical\" href=\"https:\/\/waracomunicaciones.com\/?page_id=446\" \/>\n<meta property=\"og:locale\" content=\"es_ES\" \/>\n<meta property=\"og:type\" content=\"article\" \/>\n<meta property=\"og:title\" content=\"DEPORTES\" \/>\n<meta property=\"og:description\" content=\"DEPORTES - Wara Comunicaciones\" \/>\n<meta property=\"og:url\" content=\"https:\/\/waracomunicaciones.com\/?page_id=446\" \/>\n<meta property=\"og:site_name\" content=\"Wara Comunicaciones\" \/>\n<meta property=\"article:publisher\" content=\"https:\/\/www.facebook.com\/waracomunicaciones2017\" \/>\n<meta property=\"article:modified_time\" content=\"2025-08-10T21:51:54+00:00\" \/>\n<meta property=\"og:image\" content=\"https:\/\/waracomunicaciones.com\/wp-content\/uploads\/2025\/08\/google-play-badge.png\" \/>\n<meta name=\"twitter:card\" content=\"summary_large_image\" \/>\n<meta name=\"twitter:label1\" content=\"Tiempo de lectura\" \/>\n\t<meta name=\"twitter:data1\" content=\"1 minuto\" \/>\n<script type=\"application\/ld+json\" class=\"yoast-schema-graph\">{\"@context\":\"https:\/\/schema.org\",\"@graph\":[{\"@type\":\"WebPage\",\"@id\":\"https:\/\/waracomunicaciones.com\/?page_id=446\",\"url\":\"https:\/\/waracomunicaciones.com\/?page_id=446\",\"name\":\"Wara Comunicaciones - DEPORTES\",\"isPartOf\":{\"@id\":\"https:\/\/waracomunicaciones.com\/#website\"},\"primaryImageOfPage\":{\"@id\":\"https:\/\/waracomunicaciones.com\/?page_id=446#primaryimage\"},\"image\":{\"@id\":\"https:\/\/waracomunicaciones.com\/?page_id=446#primaryimage\"},\"thumbnailUrl\":\"https:\/\/waracomunicaciones.com\/wp-content\/uploads\/2025\/08\/google-play-badge.png\",\"datePublished\":\"2025-08-10T21:36:19+00:00\",\"dateModified\":\"2025-08-10T21:51:54+00:00\",\"description\":\"DEPORTES - Wara Comunicaciones\",\"breadcrumb\":{\"@id\":\"https:\/\/waracomunicaciones.com\/?page_id=446#breadcrumb\"},\"inLanguage\":\"es\",\"potentialAction\":[{\"@type\":\"ReadAction\",\"target\":[\"https:\/\/waracomunicaciones.com\/?page_id=446\"]}]},{\"@type\":\"ImageObject\",\"inLanguage\":\"es\",\"@id\":\"https:\/\/waracomunicaciones.com\/?page_id=446#primaryimage\",\"url\":\"https:\/\/waracomunicaciones.com\/wp-content\/uploads\/2025\/08\/google-play-badge.png\",\"contentUrl\":\"https:\/\/waracomunicaciones.com\/wp-content\/uploads\/2025\/08\/google-play-badge.png\",\"width\":646,\"height\":250},{\"@type\":\"BreadcrumbList\",\"@id\":\"https:\/\/waracomunicaciones.com\/?page_id=446#breadcrumb\",\"itemListElement\":[{\"@type\":\"ListItem\",\"position\":1,\"name\":\"Portada\",\"item\":\"https:\/\/waracomunicaciones.com\/\"},{\"@type\":\"ListItem\",\"position\":2,\"name\":\"DEPORTES\"}]},{\"@type\":\"WebSite\",\"@id\":\"https:\/\/waracomunicaciones.com\/#website\",\"url\":\"https:\/\/waracomunicaciones.com\/\",\"name\":\"Wara Comunicaciones\",\"description\":\"\",\"publisher\":{\"@id\":\"https:\/\/waracomunicaciones.com\/#organization\"},\"potentialAction\":[{\"@type\":\"SearchAction\",\"target\":{\"@type\":\"EntryPoint\",\"urlTemplate\":\"https:\/\/waracomunicaciones.com\/?s={search_term_string}\"},\"query-input\":{\"@type\":\"PropertyValueSpecification\",\"valueRequired\":true,\"valueName\":\"search_term_string\"}}],\"inLanguage\":\"es\"},{\"@type\":\"Organization\",\"@id\":\"https:\/\/waracomunicaciones.com\/#organization\",\"name\":\"Wara Comunicaciones\",\"url\":\"https:\/\/waracomunicaciones.com\/\",\"logo\":{\"@type\":\"ImageObject\",\"inLanguage\":\"es\",\"@id\":\"https:\/\/waracomunicaciones.com\/#\/schema\/logo\/image\/\",\"url\":\"https:\/\/waracomunicaciones.com\/wp-content\/uploads\/2025\/07\/logo.png\",\"contentUrl\":\"https:\/\/waracomunicaciones.com\/wp-content\/uploads\/2025\/07\/logo.png\",\"width\":400,\"height\":164,\"caption\":\"Wara Comunicaciones\"},\"image\":{\"@id\":\"https:\/\/waracomunicaciones.com\/#\/schema\/logo\/image\/\"},\"sameAs\":[\"https:\/\/www.facebook.com\/waracomunicaciones2017\"]}]}<\/script>\n<!-- \/ Yoast SEO Premium plugin. -->","yoast_head_json":{"title":"Wara Comunicaciones - DEPORTES","description":"DEPORTES - Wara Comunicaciones","robots":{"index":"index","follow":"follow","max-snippet":"max-snippet:-1","max-image-preview":"max-image-preview:large","max-video-preview":"max-video-preview:-1"},"canonical":"https:\/\/waracomunicaciones.com\/?page_id=446","og_locale":"es_ES","og_type":"article","og_title":"DEPORTES","og_description":"DEPORTES - Wara Comunicaciones","og_url":"https:\/\/waracomunicaciones.com\/?page_id=446","og_site_name":"Wara Comunicaciones","article_publisher":"https:\/\/www.facebook.com\/waracomunicaciones2017","article_modified_time":"2025-08-10T21:51:54+00:00","og_image":[{"url":"https:\/\/waracomunicaciones.com\/wp-content\/uploads\/2025\/08\/google-play-badge.png","type":"","width":"","height":""}],"twitter_card":"summary_large_image","twitter_misc":{"Tiempo de lectura":"1 minuto"},"schema":{"@context":"https:\/\/schema.org","@graph":[{"@type":"WebPage","@id":"https:\/\/waracomunicaciones.com\/?page_id=446","url":"https:\/\/waracomunicaciones.com\/?page_id=446","name":"Wara Comunicaciones - DEPORTES","isPartOf":{"@id":"https:\/\/waracomunicaciones.com\/#website"},"primaryImageOfPage":{"@id":"https:\/\/waracomunicaciones.com\/?page_id=446#primaryimage"},"image":{"@id":"https:\/\/waracomunicaciones.com\/?page_id=446#primaryimage"},"thumbnailUrl":"https:\/\/waracomunicaciones.com\/wp-content\/uploads\/2025\/08\/google-play-badge.png","datePublished":"2025-08-10T21:36:19+00:00","dateModified":"2025-08-10T21:51:54+00:00","description":"DEPORTES - Wara Comunicaciones","breadcrumb":{"@id":"https:\/\/waracomunicaciones.com\/?page_id=446#breadcrumb"},"inLanguage":"es","potentialAction":[{"@type":"ReadAction","target":["https:\/\/waracomunicaciones.com\/?page_id=446"]}]},{"@type":"ImageObject","inLanguage":"es","@id":"https:\/\/waracomunicaciones.com\/?page_id=446#primaryimage","url":"https:\/\/waracomunicaciones.com\/wp-content\/uploads\/2025\/08\/google-play-badge.png","contentUrl":"https:\/\/waracomunicaciones.com\/wp-content\/uploads\/2025\/08\/google-play-badge.png","width":646,"height":250},{"@type":"BreadcrumbList","@id":"https:\/\/waracomunicaciones.com\/?page_id=446#breadcrumb","itemListElement":[{"@type":"ListItem","position":1,"name":"Portada","item":"https:\/\/waracomunicaciones.com\/"},{"@type":"ListItem","position":2,"name":"DEPORTES"}]},{"@type":"WebSite","@id":"https:\/\/waracomunicaciones.com\/#website","url":"https:\/\/waracomunicaciones.com\/","name":"Wara Comunicaciones","description":"","publisher":{"@id":"https:\/\/waracomunicaciones.com\/#organization"},"potentialAction":[{"@type":"SearchAction","target":{"@type":"EntryPoint","urlTemplate":"https:\/\/waracomunicaciones.com\/?s={search_term_string}"},"query-input":{"@type":"PropertyValueSpecification","valueRequired":true,"valueName":"search_term_string"}}],"inLanguage":"es"},{"@type":"Organization","@id":"https:\/\/waracomunicaciones.com\/#organization","name":"Wara Comunicaciones","url":"https:\/\/waracomunicaciones.com\/","logo":{"@type":"ImageObject","inLanguage":"es","@id":"https:\/\/waracomunicaciones.com\/#\/schema\/logo\/image\/","url":"https:\/\/waracomunicaciones.com\/wp-content\/uploads\/2025\/07\/logo.png","contentUrl":"https:\/\/waracomunicaciones.com\/wp-content\/uploads\/2025\/07\/logo.png","width":400,"height":164,"caption":"Wara Comunicaciones"},"image":{"@id":"https:\/\/waracomunicaciones.com\/#\/schema\/logo\/image\/"},"sameAs":["https:\/\/www.facebook.com\/waracomunicaciones2017"]}]}},"_links":{"self":[{"href":"https:\/\/waracomunicaciones.com\/index.php?rest_route=\/wp\/v2\/pages\/446","targetHints":{"allow":["GET"]}}],"collection":[{"href":"https:\/\/waracomunicaciones.com\/index.php?rest_route=\/wp\/v2\/pages"}],"about":[{"href":"https:\/\/waracomunicaciones.com\/index.php?rest_route=\/wp\/v2\/types\/page"}],"author":[{"embeddable":true,"href":"https:\/\/waracomunicaciones.com\/index.php?rest_route=\/wp\/v2\/users\/1"}],"replies":[{"embeddable":true,"href":"https:\/\/waracomunicaciones.com\/index.php?rest_route=%2Fwp%2Fv2%2Fcomments&post=446"}],"version-history":[{"count":10,"href":"https:\/\/waracomunicaciones.com\/index.php?rest_route=\/wp\/v2\/pages\/446\/revisions"}],"predecessor-version":[{"id":461,"href":"https:\/\/waracomunicaciones.com\/index.php?rest_route=\/wp\/v2\/pages\/446\/revisions\/461"}],"wp:attachment":[{"href":"https:\/\/waracomunicaciones.com\/index.php?rest_route=%2Fwp%2Fv2%2Fmedia&parent=446"}],"curies":[{"name":"wp","href":"https:\/\/api.w.org\/{rel}","templated":true}]}}